{"id":7162,"date":"2021-08-16T12:53:00","date_gmt":"2021-08-16T09:53:00","guid":{"rendered":"https:\/\/codegift.ee\/?page_id=7162"},"modified":"2021-12-08T13:50:38","modified_gmt":"2021-12-08T10:50:38","slug":"blogi","status":"publish","type":"page","link":"https:\/\/codegift.ee\/en\/blogi\/","title":{"rendered":"Blog"},"content":{"rendered":"<div id=\"fws_69ff2a671d2ed\"  data-column-margin=\"default\" data-midnight=\"dark\" data-top-percent=\"6%\" data-bottom-percent=\"6%\"  class=\"wpb_row vc_row-fluid vc_row full-width-section\"  style=\"padding-top: calc(100vw * 0.06); padding-bottom: calc(100vw * 0.06); \"><div class=\"row-bg-wrap\" data-bg-animation=\"none\" data-bg-overlay=\"false\"><div class=\"inner-wrap\"><div class=\"row-bg\"  style=\"\"><\/div><\/div><\/div><div class=\"row_col_wrap_12 col span_12 dark left\">\n\t<div  class=\"vc_col-sm-12 wpb_column column_container vc_column_container col no-extra-padding inherit_tablet inherit_phone\"  data-padding-pos=\"all\" data-has-bg-color=\"false\" data-bg-color=\"\" data-bg-opacity=\"1\" data-animation=\"\" data-delay=\"0\" >\n\t\t<div class=\"vc_column-inner\" >\n\t\t\t<div class=\"wpb_wrapper\">\n\t\t\t\t\r\n<div class=\"row\">\r\n\r\n <div class=\"post-area col  span_12 col_last masonry material\" data-ams=\"\" data-remove-post-date=\"\" data-remove-post-author=\"1\" data-remove-post-comment-number=\"1\" data-remove-post-nectar-love=\"\"> <div class=\"posts-container\" data-load-animation=\"fade_in_from_bottom\">     \r\n     \r\n<article id=\"post-7411\" class=\"masonry-blog-item post-7411 post type-post status-publish format-standard has-post-thumbnail category-andmeteadus\">  \r\n    \r\n  <div class=\"inner-wrap animated\">\r\n    \r\n    <div class=\"post-content\">\r\n\r\n      <div class=\"content-inner\">\r\n        \r\n        <a class=\"entire-meta-link\" href=\"https:\/\/codegift.ee\/en\/andmeteadus\/parimad-ulikoolierialad-andmeteaduse-karjaari-jaoks\/\" aria-label=\"Best Degrees for Data Science Career Path\"><\/a>\r\n        \r\n        <span class=\"post-featured-img\"><img loading=\"lazy\" decoding=\"async\" width=\"1024\" height=\"684\" src=\"https:\/\/codegift.ee\/wp-content\/uploads\/2021\/12\/towfiqu-barbhuiya-nApaSgkzaxg-unsplash-2-1024x684.jpg\" class=\"attachment-large size-large skip-lazy wp-post-image\" alt=\"\" title=\"\" sizes=\"auto, (min-width: 1600px) 20vw, (min-width: 1300px) 25vw, (min-width: 1000px) 33.3vw, (min-width: 690px) 50vw, 100vw\" srcset=\"https:\/\/codegift.ee\/wp-content\/uploads\/2021\/12\/towfiqu-barbhuiya-nApaSgkzaxg-unsplash-2-1024x684.jpg 1024w, https:\/\/codegift.ee\/wp-content\/uploads\/2021\/12\/towfiqu-barbhuiya-nApaSgkzaxg-unsplash-2-300x200.jpg 300w, https:\/\/codegift.ee\/wp-content\/uploads\/2021\/12\/towfiqu-barbhuiya-nApaSgkzaxg-unsplash-2-768x513.jpg 768w, https:\/\/codegift.ee\/wp-content\/uploads\/2021\/12\/towfiqu-barbhuiya-nApaSgkzaxg-unsplash-2-1536x1025.jpg 1536w, https:\/\/codegift.ee\/wp-content\/uploads\/2021\/12\/towfiqu-barbhuiya-nApaSgkzaxg-unsplash-2-2048x1367.jpg 2048w, https:\/\/codegift.ee\/wp-content\/uploads\/2021\/12\/towfiqu-barbhuiya-nApaSgkzaxg-unsplash-2-18x12.jpg 18w, https:\/\/codegift.ee\/wp-content\/uploads\/2021\/12\/towfiqu-barbhuiya-nApaSgkzaxg-unsplash-2-900x600.jpg 900w\" \/><\/span><span class=\"meta-category\"><a class=\"andmeteadus\" href=\"https:\/\/codegift.ee\/en\/category\/andmeteadus\/\">Data Science<\/a><\/span>        \r\n        <div class=\"article-content-wrap\">\r\n          \r\n          <div class=\"post-header\">\r\n            <h3 class=\"title\"><a href=\"https:\/\/codegift.ee\/en\/andmeteadus\/parimad-ulikoolierialad-andmeteaduse-karjaari-jaoks\/\"> Best Degrees for Data Science Career Path<\/a><\/h3>\r\n          <\/div>\r\n          \r\n          <div class=\"excerpt\">T\u00e4nap\u00e4eva maailmas ja \u00fchiskonnas on ettev\u00f5tted\u00a0aina enam hakanud juhinduma andmetest ning sellest tulenevalt on hakatud&hellip;<\/div><div class=\"grav-wrap\"><a href=\"https:\/\/codegift.ee\/en\/author\/admin\/\"><\/a><div class=\"text\"><a href=\"https:\/\/codegift.ee\/en\/author\/admin\/\" rel=\"author\">admin<\/a><span>28. Dec 2021<\/span><\/div><\/div>\r\n        <\/div><!--article-content-wrap-->\r\n        \r\n      <\/div><!--\/content-inner-->\r\n        \r\n    <\/div><!--\/post-content-->\r\n      \r\n  <\/div><!--\/inner-wrap-->\r\n    \r\n<\/article>     \r\n     \r\n<article id=\"post-7262\" class=\"masonry-blog-item post-7262 post type-post status-publish format-standard has-post-thumbnail category-andmeteadus\">  \r\n    \r\n  <div class=\"inner-wrap animated\">\r\n    \r\n    <div class=\"post-content\">\r\n\r\n      <div class=\"content-inner\">\r\n        \r\n        <a class=\"entire-meta-link\" href=\"https:\/\/codegift.ee\/en\/andmeteadus\/andmeanaluusi-mojudest-spordis\/\" aria-label=\"The effects of data analysis on sports\"><\/a>\r\n        \r\n        <span class=\"post-featured-img\"><img loading=\"lazy\" decoding=\"async\" width=\"640\" height=\"427\" src=\"https:\/\/codegift.ee\/wp-content\/uploads\/2021\/09\/football_background.jpg\" class=\"attachment-large size-large skip-lazy wp-post-image\" alt=\"\" title=\"\" sizes=\"auto, (min-width: 1600px) 20vw, (min-width: 1300px) 25vw, (min-width: 1000px) 33.3vw, (min-width: 690px) 50vw, 100vw\" srcset=\"https:\/\/codegift.ee\/wp-content\/uploads\/2021\/09\/football_background.jpg 640w, https:\/\/codegift.ee\/wp-content\/uploads\/2021\/09\/football_background-300x200.jpg 300w, https:\/\/codegift.ee\/wp-content\/uploads\/2021\/09\/football_background-18x12.jpg 18w\" \/><\/span><span class=\"meta-category\"><a class=\"andmeteadus\" href=\"https:\/\/codegift.ee\/en\/category\/andmeteadus\/\">Data Science<\/a><\/span>        \r\n        <div class=\"article-content-wrap\">\r\n          \r\n          <div class=\"post-header\">\r\n            <h3 class=\"title\"><a href=\"https:\/\/codegift.ee\/en\/andmeteadus\/andmeanaluusi-mojudest-spordis\/\"> The effects of data analysis on sports<\/a><\/h3>\r\n          <\/div>\r\n          \r\n          <div class=\"excerpt\">Tippsport on aastate jooksul arenenud v\u00e4ga suureks \u00e4ri- ja meelelahutussektoriks ning m\u00f5istagi on sinna kaasatud&hellip;<\/div><div class=\"grav-wrap\"><a href=\"https:\/\/codegift.ee\/en\/author\/admin\/\"><\/a><div class=\"text\"><a href=\"https:\/\/codegift.ee\/en\/author\/admin\/\" rel=\"author\">admin<\/a><span>22. Sep 2021<\/span><\/div><\/div>\r\n        <\/div><!--article-content-wrap-->\r\n        \r\n      <\/div><!--\/content-inner-->\r\n        \r\n    <\/div><!--\/post-content-->\r\n      \r\n  <\/div><!--\/inner-wrap-->\r\n    \r\n<\/article>     \r\n     \r\n<article id=\"post-7227\" class=\"masonry-blog-item post-7227 post type-post status-publish format-standard has-post-thumbnail category-uritused\">  \r\n    \r\n  <div class=\"inner-wrap animated\">\r\n    \r\n    <div class=\"post-content\">\r\n\r\n      <div class=\"content-inner\">\r\n        \r\n        <a class=\"entire-meta-link\" href=\"https:\/\/codegift.ee\/en\/uritused\/3-kokkuvotvat-motet-startup-day-2021-kohta\/\" aria-label=\"3 takeaways from sTARTUp Day 2021\"><\/a>\r\n        \r\n        <span class=\"post-featured-img\"><img loading=\"lazy\" decoding=\"async\" width=\"799\" height=\"533\" src=\"https:\/\/codegift.ee\/wp-content\/uploads\/2021\/08\/51406184589_d3fc187861_c.jpg\" class=\"attachment-large size-large skip-lazy wp-post-image\" alt=\"\" title=\"\" sizes=\"auto, (min-width: 1600px) 20vw, (min-width: 1300px) 25vw, (min-width: 1000px) 33.3vw, (min-width: 690px) 50vw, 100vw\" srcset=\"https:\/\/codegift.ee\/wp-content\/uploads\/2021\/08\/51406184589_d3fc187861_c.jpg 799w, https:\/\/codegift.ee\/wp-content\/uploads\/2021\/08\/51406184589_d3fc187861_c-300x200.jpg 300w, https:\/\/codegift.ee\/wp-content\/uploads\/2021\/08\/51406184589_d3fc187861_c-768x512.jpg 768w, https:\/\/codegift.ee\/wp-content\/uploads\/2021\/08\/51406184589_d3fc187861_c-18x12.jpg 18w\" \/><\/span><span class=\"meta-category\"><a class=\"uritused\" href=\"https:\/\/codegift.ee\/en\/category\/uritused\/\">Events<\/a><\/span>        \r\n        <div class=\"article-content-wrap\">\r\n          \r\n          <div class=\"post-header\">\r\n            <h3 class=\"title\"><a href=\"https:\/\/codegift.ee\/en\/uritused\/3-kokkuvotvat-motet-startup-day-2021-kohta\/\"> 3 takeaways from sTARTUp Day 2021<\/a><\/h3>\r\n          <\/div>\r\n          \r\n          <div class=\"excerpt\">sTARTUp Day 2021 on l\u00e4bi ja Code Giftil oli r\u00f5\u00f5m seda k\u00fclastada. Seda peeti juba&hellip;<\/div><div class=\"grav-wrap\"><a href=\"https:\/\/codegift.ee\/en\/author\/admin\/\"><\/a><div class=\"text\"><a href=\"https:\/\/codegift.ee\/en\/author\/admin\/\" rel=\"author\">admin<\/a><span>30. Aug 2021<\/span><\/div><\/div>\r\n        <\/div><!--article-content-wrap-->\r\n        \r\n      <\/div><!--\/content-inner-->\r\n        \r\n    <\/div><!--\/post-content-->\r\n      \r\n  <\/div><!--\/inner-wrap-->\r\n    \r\n<\/article>     \r\n     \r\n<article id=\"post-7085\" class=\"masonry-blog-item post-7085 post type-post status-publish format-standard has-post-thumbnail category-andmeteadus\">  \r\n    \r\n  <div class=\"inner-wrap animated\">\r\n    \r\n    <div class=\"post-content\">\r\n\r\n      <div class=\"content-inner\">\r\n        \r\n        <a class=\"entire-meta-link\" href=\"https:\/\/codegift.ee\/en\/andmeteadus\/4-rolli-mis-on-vajalikud-edukaks-andmeteaduse-tiimi-loomiseks\/\" aria-label=\"4 roles that are fundamental to creating a successful data science team\"><\/a>\r\n        \r\n        <span class=\"post-featured-img\"><img loading=\"lazy\" decoding=\"async\" width=\"640\" height=\"427\" src=\"https:\/\/codegift.ee\/wp-content\/uploads\/2021\/08\/leon-vbxyFxlgpjM-unsplash-1.jpg\" class=\"attachment-large size-large skip-lazy wp-post-image\" alt=\"\" title=\"\" sizes=\"auto, (min-width: 1600px) 20vw, (min-width: 1300px) 25vw, (min-width: 1000px) 33.3vw, (min-width: 690px) 50vw, 100vw\" srcset=\"https:\/\/codegift.ee\/wp-content\/uploads\/2021\/08\/leon-vbxyFxlgpjM-unsplash-1.jpg 640w, https:\/\/codegift.ee\/wp-content\/uploads\/2021\/08\/leon-vbxyFxlgpjM-unsplash-1-300x200.jpg 300w, https:\/\/codegift.ee\/wp-content\/uploads\/2021\/08\/leon-vbxyFxlgpjM-unsplash-1-18x12.jpg 18w\" \/><\/span><span class=\"meta-category\"><a class=\"andmeteadus\" href=\"https:\/\/codegift.ee\/en\/category\/andmeteadus\/\">Data Science<\/a><\/span>        \r\n        <div class=\"article-content-wrap\">\r\n          \r\n          <div class=\"post-header\">\r\n            <h3 class=\"title\"><a href=\"https:\/\/codegift.ee\/en\/andmeteadus\/4-rolli-mis-on-vajalikud-edukaks-andmeteaduse-tiimi-loomiseks\/\"> 4 roles that are fundamental to creating a successful data science team<\/a><\/h3>\r\n          <\/div>\r\n          \r\n          <div class=\"excerpt\">Andmeteadus kui teadusharu tervikuna on juba aastaid muutunud aina populaarsemaks ning seoses infoajastuga on ka&hellip;<\/div><div class=\"grav-wrap\"><a href=\"https:\/\/codegift.ee\/en\/author\/admin\/\"><\/a><div class=\"text\"><a href=\"https:\/\/codegift.ee\/en\/author\/admin\/\" rel=\"author\">admin<\/a><span>16. Aug 2021<\/span><\/div><\/div>\r\n        <\/div><!--article-content-wrap-->\r\n        \r\n      <\/div><!--\/content-inner-->\r\n        \r\n    <\/div><!--\/post-content-->\r\n      \r\n  <\/div><!--\/inner-wrap-->\r\n    \r\n<\/article>    \r\n    <\/div><!--\/posts container-->\r\n    \r\n      \r\n<\/div><!--\/post area-->\r\n\r\n  \r\n\r\n<\/div>\r\n\r\n\n\t\t\t<\/div> \n\t\t<\/div>\n\t<\/div> \n<\/div><\/div>","protected":false},"excerpt":{"rendered":"Andmeteadus kui teadusharu tervikuna on juba aastaid muutunud aina populaarsemaks ning seoses infoajastuga on ka andmetel kui objektidel v\u00e4ga t\u00e4htis osa \u00e4ritegevuse protsessides.\u00a0 Sellest tulenevalt on ka paljud ettev\u00f5tjad juba...","protected":false},"author":1,"featured_media":0,"parent":0,"menu_order":29,"comment_status":"closed","ping_status":"closed","template":"","meta":{"footnotes":""},"class_list":["post-7162","page","type-page","status-publish"],"yoast_head":"<!-- This site is optimized with the Yoast SEO plugin v27.5 - https:\/\/yoast.com\/product\/yoast-seo-wordpress\/ -->\n<title>Blogi &#8211; Code Gift<\/title>\n<meta name=\"description\" content=\"Code Gift - tutvu meie tehtud t\u00f6\u00f6dega! Veebilahendused, \u00e4rianal\u00fc\u00fcs ja andmeteadus. V\u00f5ta meiega \u00fchendust!\" \/>\n<meta name=\"robots\" content=\"index, follow, max-snippet:-1, max-image-preview:large, max-video-preview:-1\" \/>\n<link rel=\"canonical\" href=\"https:\/\/codegift.ee\/en\/blogi\/\" \/>\n<meta property=\"og:locale\" content=\"en_GB\" \/>\n<meta property=\"og:type\" content=\"article\" \/>\n<meta property=\"og:title\" content=\"Blogi &#8211; Code Gift\" \/>\n<meta property=\"og:description\" content=\"Code Gift - tutvu meie tehtud t\u00f6\u00f6dega! Veebilahendused, \u00e4rianal\u00fc\u00fcs ja andmeteadus. V\u00f5ta meiega \u00fchendust!\" \/>\n<meta property=\"og:url\" content=\"https:\/\/codegift.ee\/en\/blogi\/\" \/>\n<meta property=\"og:site_name\" content=\"Code Gift\" \/>\n<meta property=\"article:publisher\" content=\"https:\/\/www.facebook.com\/codegift.ee\" \/>\n<meta property=\"article:modified_time\" content=\"2021-12-08T10:50:38+00:00\" \/>\n<meta name=\"twitter:card\" content=\"summary_large_image\" \/>\n<meta name=\"twitter:label1\" content=\"Estimated reading time\" \/>\n\t<meta name=\"twitter:data1\" content=\"1 minute\" \/>\n<script type=\"application\/ld+json\" class=\"yoast-schema-graph\">{\"@context\":\"https:\\\/\\\/schema.org\",\"@graph\":[{\"@type\":\"WebPage\",\"@id\":\"https:\\\/\\\/codegift.ee\\\/blogi\\\/\",\"url\":\"https:\\\/\\\/codegift.ee\\\/blogi\\\/\",\"name\":\"Blogi &#8211; Code Gift\",\"isPartOf\":{\"@id\":\"https:\\\/\\\/codegift.ee\\\/#website\"},\"datePublished\":\"2021-08-16T09:53:00+00:00\",\"dateModified\":\"2021-12-08T10:50:38+00:00\",\"description\":\"Code Gift - tutvu meie tehtud t\u00f6\u00f6dega! Veebilahendused, \u00e4rianal\u00fc\u00fcs ja andmeteadus. V\u00f5ta meiega \u00fchendust!\",\"breadcrumb\":{\"@id\":\"https:\\\/\\\/codegift.ee\\\/blogi\\\/#breadcrumb\"},\"inLanguage\":\"en-GB\",\"potentialAction\":[{\"@type\":\"ReadAction\",\"target\":[\"https:\\\/\\\/codegift.ee\\\/blogi\\\/\"]}]},{\"@type\":\"BreadcrumbList\",\"@id\":\"https:\\\/\\\/codegift.ee\\\/blogi\\\/#breadcrumb\",\"itemListElement\":[{\"@type\":\"ListItem\",\"position\":1,\"name\":\"Home\",\"item\":\"https:\\\/\\\/codegift.ee\\\/\"},{\"@type\":\"ListItem\",\"position\":2,\"name\":\"Blogi\"}]},{\"@type\":\"WebSite\",\"@id\":\"https:\\\/\\\/codegift.ee\\\/#website\",\"url\":\"https:\\\/\\\/codegift.ee\\\/\",\"name\":\"Code Gift\",\"description\":\"\",\"potentialAction\":[{\"@type\":\"SearchAction\",\"target\":{\"@type\":\"EntryPoint\",\"urlTemplate\":\"https:\\\/\\\/codegift.ee\\\/?s={search_term_string}\"},\"query-input\":{\"@type\":\"PropertyValueSpecification\",\"valueRequired\":true,\"valueName\":\"search_term_string\"}}],\"inLanguage\":\"en-GB\"}]}<\/script>\n<!-- \/ Yoast SEO plugin. -->","yoast_head_json":{"title":"Blogi &#8211; Code Gift","description":"Code Gift - tutvu meie tehtud t\u00f6\u00f6dega! Veebilahendused, \u00e4rianal\u00fc\u00fcs ja andmeteadus. V\u00f5ta meiega \u00fchendust!","robots":{"index":"index","follow":"follow","max-snippet":"max-snippet:-1","max-image-preview":"max-image-preview:large","max-video-preview":"max-video-preview:-1"},"canonical":"https:\/\/codegift.ee\/en\/blogi\/","og_locale":"en_GB","og_type":"article","og_title":"Blogi &#8211; Code Gift","og_description":"Code Gift - tutvu meie tehtud t\u00f6\u00f6dega! Veebilahendused, \u00e4rianal\u00fc\u00fcs ja andmeteadus. V\u00f5ta meiega \u00fchendust!","og_url":"https:\/\/codegift.ee\/en\/blogi\/","og_site_name":"Code Gift","article_publisher":"https:\/\/www.facebook.com\/codegift.ee","article_modified_time":"2021-12-08T10:50:38+00:00","twitter_card":"summary_large_image","twitter_misc":{"Estimated reading time":"1 minute"},"schema":{"@context":"https:\/\/schema.org","@graph":[{"@type":"WebPage","@id":"https:\/\/codegift.ee\/blogi\/","url":"https:\/\/codegift.ee\/blogi\/","name":"Blogi &#8211; Code Gift","isPartOf":{"@id":"https:\/\/codegift.ee\/#website"},"datePublished":"2021-08-16T09:53:00+00:00","dateModified":"2021-12-08T10:50:38+00:00","description":"Code Gift - tutvu meie tehtud t\u00f6\u00f6dega! Veebilahendused, \u00e4rianal\u00fc\u00fcs ja andmeteadus. V\u00f5ta meiega \u00fchendust!","breadcrumb":{"@id":"https:\/\/codegift.ee\/blogi\/#breadcrumb"},"inLanguage":"en-GB","potentialAction":[{"@type":"ReadAction","target":["https:\/\/codegift.ee\/blogi\/"]}]},{"@type":"BreadcrumbList","@id":"https:\/\/codegift.ee\/blogi\/#breadcrumb","itemListElement":[{"@type":"ListItem","position":1,"name":"Home","item":"https:\/\/codegift.ee\/"},{"@type":"ListItem","position":2,"name":"Blogi"}]},{"@type":"WebSite","@id":"https:\/\/codegift.ee\/#website","url":"https:\/\/codegift.ee\/","name":"Code Gift","description":"","potentialAction":[{"@type":"SearchAction","target":{"@type":"EntryPoint","urlTemplate":"https:\/\/codegift.ee\/?s={search_term_string}"},"query-input":{"@type":"PropertyValueSpecification","valueRequired":true,"valueName":"search_term_string"}}],"inLanguage":"en-GB"}]}},"_links":{"self":[{"href":"https:\/\/codegift.ee\/en\/wp-json\/wp\/v2\/pages\/7162","targetHints":{"allow":["GET"]}}],"collection":[{"href":"https:\/\/codegift.ee\/en\/wp-json\/wp\/v2\/pages"}],"about":[{"href":"https:\/\/codegift.ee\/en\/wp-json\/wp\/v2\/types\/page"}],"author":[{"embeddable":true,"href":"https:\/\/codegift.ee\/en\/wp-json\/wp\/v2\/users\/1"}],"replies":[{"embeddable":true,"href":"https:\/\/codegift.ee\/en\/wp-json\/wp\/v2\/comments?post=7162"}],"version-history":[{"count":5,"href":"https:\/\/codegift.ee\/en\/wp-json\/wp\/v2\/pages\/7162\/revisions"}],"predecessor-version":[{"id":7405,"href":"https:\/\/codegift.ee\/en\/wp-json\/wp\/v2\/pages\/7162\/revisions\/7405"}],"wp:attachment":[{"href":"https:\/\/codegift.ee\/en\/wp-json\/wp\/v2\/media?parent=7162"}],"curies":[{"name":"wp","href":"https:\/\/api.w.org\/{rel}","templated":true}]}}