{"id":596,"date":"2013-08-12T07:09:46","date_gmt":"2013-08-12T07:09:46","guid":{"rendered":"http:\/\/localhost\/wordpress-3-6\/?page_id=596"},"modified":"2022-05-23T13:13:43","modified_gmt":"2022-05-23T10:13:43","slug":"teenused","status":"publish","type":"page","link":"https:\/\/codegift.ee\/en\/teenused\/","title":{"rendered":"Services"},"content":{"rendered":"<div id=\"fws_69ff2a4b25692\"  data-column-margin=\"default\" data-midnight=\"dark\"  class=\"wpb_row vc_row-fluid vc_row\"  style=\"padding-top: 10px; padding-bottom: 0px; \"><div class=\"row-bg-wrap\" data-bg-animation=\"none\" data-bg-overlay=\"false\"><div class=\"inner-wrap\"><div class=\"row-bg\"  style=\"\"><\/div><\/div><\/div><div class=\"row_col_wrap_12 col span_12 dark left\">\n\t<div  class=\"vc_col-sm-6 wpb_column column_container vc_column_container col no-extra-padding inherit_tablet inherit_phone\"  data-padding-pos=\"all\" data-has-bg-color=\"false\" data-bg-color=\"\" data-bg-opacity=\"1\" data-animation=\"\" data-delay=\"0\" >\n\t\t<div class=\"vc_column-inner\" >\n\t\t\t<div class=\"wpb_wrapper\">\n\t\t\t\t<div class=\"img-with-aniamtion-wrap\" data-max-width=\"100%\" data-max-width-mobile=\"default\" data-shadow=\"none\" data-animation=\"fade-in\" >\r\n      <div class=\"inner\">\r\n        <div class=\"hover-wrap\"> \r\n          <div class=\"hover-wrap-inner\">\r\n            <img loading=\"lazy\" decoding=\"async\" class=\"img-with-animation skip-lazy\" data-delay=\"0\" height=\"1709\" width=\"2560\" data-animation=\"fade-in\" src=\"https:\/\/codegift.ee\/wp-content\/uploads\/2021\/05\/code_gift_web_development-scaled.jpg\" alt=\"\" srcset=\"https:\/\/codegift.ee\/wp-content\/uploads\/2021\/05\/code_gift_web_development-scaled.jpg 2560w, https:\/\/codegift.ee\/wp-content\/uploads\/2021\/05\/code_gift_web_development-300x200.jpg 300w, https:\/\/codegift.ee\/wp-content\/uploads\/2021\/05\/code_gift_web_development-1024x684.jpg 1024w, https:\/\/codegift.ee\/wp-content\/uploads\/2021\/05\/code_gift_web_development-768x513.jpg 768w, https:\/\/codegift.ee\/wp-content\/uploads\/2021\/05\/code_gift_web_development-1536x1025.jpg 1536w, https:\/\/codegift.ee\/wp-content\/uploads\/2021\/05\/code_gift_web_development-2048x1367.jpg 2048w, https:\/\/codegift.ee\/wp-content\/uploads\/2021\/05\/code_gift_web_development-16x12.jpg 16w, https:\/\/codegift.ee\/wp-content\/uploads\/2021\/05\/code_gift_web_development-900x600.jpg 900w\" sizes=\"auto, (min-width: 1450px) 75vw, (min-width: 1000px) 85vw, 100vw\" \/>\r\n          <\/div>\r\n        <\/div>\r\n      <\/div>\r\n    <\/div>\n\t\t\t<\/div> \n\t\t<\/div>\n\t<\/div> \n\n\t<div  class=\"vc_col-sm-6 wpb_column column_container vc_column_container col no-extra-padding inherit_tablet inherit_phone\"  data-padding-pos=\"all\" data-has-bg-color=\"false\" data-bg-color=\"\" data-bg-opacity=\"1\" data-animation=\"\" data-delay=\"0\" >\n\t\t<div class=\"vc_column-inner\" >\n\t\t\t<div class=\"wpb_wrapper\">\n\t\t\t\t<h2 style=\"text-align: left;font-family:Abril Fatface;font-weight:400;font-style:normal\" class=\"vc_custom_heading\" >Web development<\/h2><div class=\"nectar-fancy-ul\" data-list-icon=\"icon-salient-thin-line\" data-animation=\"false\" data-animation-delay=\"0\" data-color=\"accent-color\" data-spacing=\"default\" data-alignment=\"left\"> \n<ul>\n<li>Websites<\/li>\n<li>Online stores<\/li>\n<li>Tricky web applications (ReactJS)<\/li>\n<li>SEO<\/li>\n<\/ul>\n <\/div>\n\t\t\t<\/div> \n\t\t<\/div>\n\t<\/div> \n<\/div><\/div>\r\n\t\t<div id=\"fws_69ff2a4b26369\"  data-column-margin=\"default\" data-midnight=\"dark\"  class=\"wpb_row vc_row-fluid vc_row   reverse_columns_column_tablet reverse_columns_column_phone\"  style=\"padding-top: 0px; padding-bottom: 0px; \"><div class=\"row-bg-wrap\" data-bg-animation=\"none\" data-bg-overlay=\"false\"><div class=\"inner-wrap\"><div class=\"row-bg\"  style=\"\"><\/div><\/div><\/div><div class=\"row_col_wrap_12 col span_12 dark left\">\n\t<div  class=\"vc_col-sm-6 wpb_column column_container vc_column_container col no-extra-padding inherit_tablet inherit_phone\"  data-padding-pos=\"all\" data-has-bg-color=\"false\" data-bg-color=\"\" data-bg-opacity=\"1\" data-animation=\"\" data-delay=\"0\" >\n\t\t<div class=\"vc_column-inner\" >\n\t\t\t<div class=\"wpb_wrapper\">\n\t\t\t\t<h2 style=\"text-align: left;font-family:Abril Fatface;font-weight:400;font-style:normal\" class=\"vc_custom_heading\" >Data analysis<\/h2><div class=\"nectar-fancy-ul\" data-list-icon=\"icon-salient-thin-line\" data-animation=\"false\" data-animation-delay=\"0\" data-color=\"accent-color\" data-spacing=\"default\" data-alignment=\"left\"> \n<ul>\n<li>finding the value of company's data<\/li>\n<li>business optimization and data-driven decisions<\/li>\n<li>the creation of appropriate indicators, KPI<\/li>\n<li>conscious way of selling, higher turnover<\/li>\n<\/ul>\n <\/div>\n\t\t\t<\/div> \n\t\t<\/div>\n\t<\/div> \n\n\t<div  class=\"vc_col-sm-6 wpb_column column_container vc_column_container col no-extra-padding inherit_tablet inherit_phone\"  data-padding-pos=\"all\" data-has-bg-color=\"false\" data-bg-color=\"\" data-bg-opacity=\"1\" data-animation=\"\" data-delay=\"0\" >\n\t\t<div class=\"vc_column-inner\" >\n\t\t\t<div class=\"wpb_wrapper\">\n\t\t\t\t<div class=\"img-with-aniamtion-wrap\" data-max-width=\"100%\" data-max-width-mobile=\"default\" data-shadow=\"none\" data-animation=\"fade-in\" >\r\n      <div class=\"inner\">\r\n        <div class=\"hover-wrap\"> \r\n          <div class=\"hover-wrap-inner\">\r\n            <img loading=\"lazy\" decoding=\"async\" class=\"img-with-animation skip-lazy\" data-delay=\"0\" height=\"1696\" width=\"2560\" data-animation=\"fade-in\" src=\"https:\/\/codegift.ee\/wp-content\/uploads\/2021\/05\/code_gift_data_analysis-scaled.jpg\" alt=\"\" srcset=\"https:\/\/codegift.ee\/wp-content\/uploads\/2021\/05\/code_gift_data_analysis-scaled.jpg 2560w, https:\/\/codegift.ee\/wp-content\/uploads\/2021\/05\/code_gift_data_analysis-300x199.jpg 300w, https:\/\/codegift.ee\/wp-content\/uploads\/2021\/05\/code_gift_data_analysis-1024x678.jpg 1024w, https:\/\/codegift.ee\/wp-content\/uploads\/2021\/05\/code_gift_data_analysis-768x509.jpg 768w, https:\/\/codegift.ee\/wp-content\/uploads\/2021\/05\/code_gift_data_analysis-1536x1017.jpg 1536w, https:\/\/codegift.ee\/wp-content\/uploads\/2021\/05\/code_gift_data_analysis-2048x1356.jpg 2048w, https:\/\/codegift.ee\/wp-content\/uploads\/2021\/05\/code_gift_data_analysis-16x12.jpg 16w\" sizes=\"auto, (min-width: 1450px) 75vw, (min-width: 1000px) 85vw, 100vw\" \/>\r\n          <\/div>\r\n        <\/div>\r\n      <\/div>\r\n    <\/div>\n\t\t\t<\/div> \n\t\t<\/div>\n\t<\/div> \n<\/div><\/div>\r\n\t\t<div id=\"fws_69ff2a4b26b37\"  data-column-margin=\"default\" data-midnight=\"dark\"  class=\"wpb_row vc_row-fluid vc_row\"  style=\"padding-top: 0px; padding-bottom: 0px; \"><div class=\"row-bg-wrap\" data-bg-animation=\"none\" data-bg-overlay=\"false\"><div class=\"inner-wrap\"><div class=\"row-bg\"  style=\"\"><\/div><\/div><\/div><div class=\"row_col_wrap_12 col span_12 dark left\">\n\t<div  class=\"vc_col-sm-6 wpb_column column_container vc_column_container col no-extra-padding inherit_tablet inherit_phone\"  data-padding-pos=\"all\" data-has-bg-color=\"false\" data-bg-color=\"\" data-bg-opacity=\"1\" data-animation=\"\" data-delay=\"0\" >\n\t\t<div class=\"vc_column-inner\" >\n\t\t\t<div class=\"wpb_wrapper\">\n\t\t\t\t<div class=\"img-with-aniamtion-wrap\" data-max-width=\"100%\" data-max-width-mobile=\"default\" data-shadow=\"none\" data-animation=\"fade-in\" >\r\n      <div class=\"inner\">\r\n        <div class=\"hover-wrap\"> \r\n          <div class=\"hover-wrap-inner\">\r\n            <img loading=\"lazy\" decoding=\"async\" class=\"img-with-animation skip-lazy\" data-delay=\"0\" height=\"1148\" width=\"1908\" data-animation=\"fade-in\" src=\"https:\/\/codegift.ee\/wp-content\/uploads\/2021\/05\/code_gift_business_intelligence_bi.png\" alt=\"\" srcset=\"https:\/\/codegift.ee\/wp-content\/uploads\/2021\/05\/code_gift_business_intelligence_bi.png 1908w, https:\/\/codegift.ee\/wp-content\/uploads\/2021\/05\/code_gift_business_intelligence_bi-300x181.png 300w, https:\/\/codegift.ee\/wp-content\/uploads\/2021\/05\/code_gift_business_intelligence_bi-1024x616.png 1024w, https:\/\/codegift.ee\/wp-content\/uploads\/2021\/05\/code_gift_business_intelligence_bi-768x462.png 768w, https:\/\/codegift.ee\/wp-content\/uploads\/2021\/05\/code_gift_business_intelligence_bi-1536x924.png 1536w, https:\/\/codegift.ee\/wp-content\/uploads\/2021\/05\/code_gift_business_intelligence_bi-16x10.png 16w\" sizes=\"auto, (min-width: 1450px) 75vw, (min-width: 1000px) 85vw, 100vw\" \/>\r\n          <\/div>\r\n        <\/div>\r\n      <\/div>\r\n    <\/div>\n\t\t\t<\/div> \n\t\t<\/div>\n\t<\/div> \n\n\t<div  class=\"vc_col-sm-6 wpb_column column_container vc_column_container col no-extra-padding inherit_tablet inherit_phone\"  data-padding-pos=\"all\" data-has-bg-color=\"false\" data-bg-color=\"\" data-bg-opacity=\"1\" data-animation=\"\" data-delay=\"0\" >\n\t\t<div class=\"vc_column-inner\" >\n\t\t\t<div class=\"wpb_wrapper\">\n\t\t\t\t<h2 style=\"text-align: left;font-family:Abril Fatface;font-weight:400;font-style:normal\" class=\"vc_custom_heading\" >Business intelligence \/ BI<\/h2><div class=\"nectar-fancy-ul\" data-list-icon=\"icon-salient-thin-line\" data-animation=\"false\" data-animation-delay=\"0\" data-color=\"accent-color\" data-spacing=\"default\" data-alignment=\"left\"> \n<ul>\n<li>Data visualization<\/li>\n<li>the creation of reports\/dashboards<\/li>\n<li>Creating KPI metrics<\/li>\n<\/ul>\n <\/div>\n\t\t\t<\/div> \n\t\t<\/div>\n\t<\/div> \n<\/div><\/div>\r\n\t\t<div id=\"fws_69ff2a4b2724b\"  data-column-margin=\"default\" data-midnight=\"dark\"  class=\"wpb_row vc_row-fluid vc_row   reverse_columns_column_tablet reverse_columns_column_phone\"  style=\"padding-top: 0px; padding-bottom: 0px; \"><div class=\"row-bg-wrap\" data-bg-animation=\"none\" data-bg-overlay=\"false\"><div class=\"inner-wrap\"><div class=\"row-bg\"  style=\"\"><\/div><\/div><\/div><div class=\"row_col_wrap_12 col span_12 dark left\">\n\t<div  class=\"vc_col-sm-6 wpb_column column_container vc_column_container col no-extra-padding inherit_tablet inherit_phone\"  data-padding-pos=\"all\" data-has-bg-color=\"false\" data-bg-color=\"\" data-bg-opacity=\"1\" data-animation=\"\" data-delay=\"0\" >\n\t\t<div class=\"vc_column-inner\" >\n\t\t\t<div class=\"wpb_wrapper\">\n\t\t\t\t<h2 style=\"text-align: left;font-family:Abril Fatface;font-weight:400;font-style:normal\" class=\"vc_custom_heading\" >Mobile applications<\/h2><div class=\"nectar-fancy-ul\" data-list-icon=\"icon-salient-thin-line\" data-animation=\"false\" data-animation-delay=\"0\" data-color=\"accent-color\" data-spacing=\"default\" data-alignment=\"left\"> \n<ul>\n<li>functional and user-friendly cross-platform apps for both Android and iOS<\/li>\n<li>Complete solutions using React Native framework<\/li>\n<\/ul>\n <\/div>\n\t\t\t<\/div> \n\t\t<\/div>\n\t<\/div> \n\n\t<div  class=\"vc_col-sm-6 wpb_column column_container vc_column_container col no-extra-padding inherit_tablet inherit_phone\"  data-padding-pos=\"all\" data-has-bg-color=\"false\" data-bg-color=\"\" data-bg-opacity=\"1\" data-animation=\"\" data-delay=\"0\" >\n\t\t<div class=\"vc_column-inner\" >\n\t\t\t<div class=\"wpb_wrapper\">\n\t\t\t\t<div class=\"img-with-aniamtion-wrap\" data-max-width=\"100%\" data-max-width-mobile=\"default\" data-shadow=\"none\" data-animation=\"fade-in\" >\r\n      <div class=\"inner\">\r\n        <div class=\"hover-wrap\"> \r\n          <div class=\"hover-wrap-inner\">\r\n            <img loading=\"lazy\" decoding=\"async\" class=\"img-with-animation skip-lazy\" data-delay=\"0\" height=\"1707\" width=\"2560\" data-animation=\"fade-in\" src=\"https:\/\/codegift.ee\/wp-content\/uploads\/2022\/05\/code_gift_mobile_apps-scaled.jpg\" alt=\"\" srcset=\"https:\/\/codegift.ee\/wp-content\/uploads\/2022\/05\/code_gift_mobile_apps-scaled.jpg 2560w, https:\/\/codegift.ee\/wp-content\/uploads\/2022\/05\/code_gift_mobile_apps-300x200.jpg 300w, https:\/\/codegift.ee\/wp-content\/uploads\/2022\/05\/code_gift_mobile_apps-1024x683.jpg 1024w, https:\/\/codegift.ee\/wp-content\/uploads\/2022\/05\/code_gift_mobile_apps-768x512.jpg 768w, https:\/\/codegift.ee\/wp-content\/uploads\/2022\/05\/code_gift_mobile_apps-1536x1024.jpg 1536w, https:\/\/codegift.ee\/wp-content\/uploads\/2022\/05\/code_gift_mobile_apps-2048x1365.jpg 2048w, https:\/\/codegift.ee\/wp-content\/uploads\/2022\/05\/code_gift_mobile_apps-18x12.jpg 18w, https:\/\/codegift.ee\/wp-content\/uploads\/2022\/05\/code_gift_mobile_apps-900x600.jpg 900w\" sizes=\"auto, (min-width: 1450px) 75vw, (min-width: 1000px) 85vw, 100vw\" \/>\r\n          <\/div>\r\n        <\/div>\r\n      <\/div>\r\n    <\/div>\n\t\t\t<\/div> \n\t\t<\/div>\n\t<\/div> \n<\/div><\/div>","protected":false},"excerpt":{"rendered":"Veebiarendus Kodulehtede tegemine E-poodide loomine Keerukamate veebirakenduste loomine (ReactJS) SEO Andmeanal\u00fc\u00fcs ettev\u00f5tte andmetes peituva v\u00e4\u00e4rtuse leidmine \u00e4ritegevuse optimiseerimine ja andmetep\u00f5hised otsused sobivate m\u00f5\u00f5dikute loomine, KPI teadlikud m\u00fc\u00fcgiotsused, suurem m\u00fc\u00fcgik\u00e4ive \u00c4rianal\u00fc\u00fcs...","protected":false},"author":1,"featured_media":0,"parent":0,"menu_order":34,"comment_status":"closed","ping_status":"closed","template":"","meta":{"footnotes":""},"class_list":["post-596","page","type-page","status-publish"],"yoast_head":"<!-- This site is optimized with the Yoast SEO plugin v27.5 - https:\/\/yoast.com\/product\/yoast-seo-wordpress\/ -->\n<title>Teenused &#8211; Code Gift<\/title>\n<meta name=\"description\" content=\"Code Gift - pakume erinevaid teenuseid. Veebilahendused, \u00e4rianal\u00fc\u00fcs ja andmeteadus. V\u00f5ta meiega \u00fchendust!\" \/>\n<meta name=\"robots\" content=\"index, follow, max-snippet:-1, max-image-preview:large, max-video-preview:-1\" \/>\n<link rel=\"canonical\" href=\"https:\/\/codegift.ee\/en\/teenused\/\" \/>\n<meta property=\"og:locale\" content=\"en_GB\" \/>\n<meta property=\"og:type\" content=\"article\" \/>\n<meta property=\"og:title\" content=\"Teenused &#8211; Code Gift\" \/>\n<meta property=\"og:description\" content=\"Code Gift - pakume erinevaid teenuseid. Veebilahendused, \u00e4rianal\u00fc\u00fcs ja andmeteadus. V\u00f5ta meiega \u00fchendust!\" \/>\n<meta property=\"og:url\" content=\"https:\/\/codegift.ee\/en\/teenused\/\" \/>\n<meta property=\"og:site_name\" content=\"Code Gift\" \/>\n<meta property=\"article:publisher\" content=\"https:\/\/www.facebook.com\/codegift.ee\" \/>\n<meta property=\"article:modified_time\" content=\"2022-05-23T10:13:43+00:00\" \/>\n<meta name=\"twitter:card\" content=\"summary_large_image\" \/>\n<meta name=\"twitter:label1\" content=\"Estimated reading time\" \/>\n\t<meta name=\"twitter:data1\" content=\"5 minutes\" \/>\n<script type=\"application\/ld+json\" class=\"yoast-schema-graph\">{\"@context\":\"https:\\\/\\\/schema.org\",\"@graph\":[{\"@type\":\"WebPage\",\"@id\":\"https:\\\/\\\/codegift.ee\\\/teenused\\\/\",\"url\":\"https:\\\/\\\/codegift.ee\\\/teenused\\\/\",\"name\":\"Teenused &#8211; Code Gift\",\"isPartOf\":{\"@id\":\"https:\\\/\\\/codegift.ee\\\/#website\"},\"datePublished\":\"2013-08-12T07:09:46+00:00\",\"dateModified\":\"2022-05-23T10:13:43+00:00\",\"description\":\"Code Gift - pakume erinevaid teenuseid. Veebilahendused, \u00e4rianal\u00fc\u00fcs ja andmeteadus. V\u00f5ta meiega \u00fchendust!\",\"breadcrumb\":{\"@id\":\"https:\\\/\\\/codegift.ee\\\/teenused\\\/#breadcrumb\"},\"inLanguage\":\"en-GB\",\"potentialAction\":[{\"@type\":\"ReadAction\",\"target\":[\"https:\\\/\\\/codegift.ee\\\/teenused\\\/\"]}]},{\"@type\":\"BreadcrumbList\",\"@id\":\"https:\\\/\\\/codegift.ee\\\/teenused\\\/#breadcrumb\",\"itemListElement\":[{\"@type\":\"ListItem\",\"position\":1,\"name\":\"Home\",\"item\":\"https:\\\/\\\/codegift.ee\\\/\"},{\"@type\":\"ListItem\",\"position\":2,\"name\":\"Teenused\"}]},{\"@type\":\"WebSite\",\"@id\":\"https:\\\/\\\/codegift.ee\\\/#website\",\"url\":\"https:\\\/\\\/codegift.ee\\\/\",\"name\":\"Code Gift\",\"description\":\"\",\"potentialAction\":[{\"@type\":\"SearchAction\",\"target\":{\"@type\":\"EntryPoint\",\"urlTemplate\":\"https:\\\/\\\/codegift.ee\\\/?s={search_term_string}\"},\"query-input\":{\"@type\":\"PropertyValueSpecification\",\"valueRequired\":true,\"valueName\":\"search_term_string\"}}],\"inLanguage\":\"en-GB\"}]}<\/script>\n<!-- \/ Yoast SEO plugin. -->","yoast_head_json":{"title":"Teenused &#8211; Code Gift","description":"Code Gift - pakume erinevaid teenuseid. Veebilahendused, \u00e4rianal\u00fc\u00fcs ja andmeteadus. V\u00f5ta meiega \u00fchendust!","robots":{"index":"index","follow":"follow","max-snippet":"max-snippet:-1","max-image-preview":"max-image-preview:large","max-video-preview":"max-video-preview:-1"},"canonical":"https:\/\/codegift.ee\/en\/teenused\/","og_locale":"en_GB","og_type":"article","og_title":"Teenused &#8211; Code Gift","og_description":"Code Gift - pakume erinevaid teenuseid. Veebilahendused, \u00e4rianal\u00fc\u00fcs ja andmeteadus. V\u00f5ta meiega \u00fchendust!","og_url":"https:\/\/codegift.ee\/en\/teenused\/","og_site_name":"Code Gift","article_publisher":"https:\/\/www.facebook.com\/codegift.ee","article_modified_time":"2022-05-23T10:13:43+00:00","twitter_card":"summary_large_image","twitter_misc":{"Estimated reading time":"5 minutes"},"schema":{"@context":"https:\/\/schema.org","@graph":[{"@type":"WebPage","@id":"https:\/\/codegift.ee\/teenused\/","url":"https:\/\/codegift.ee\/teenused\/","name":"Teenused &#8211; Code Gift","isPartOf":{"@id":"https:\/\/codegift.ee\/#website"},"datePublished":"2013-08-12T07:09:46+00:00","dateModified":"2022-05-23T10:13:43+00:00","description":"Code Gift - pakume erinevaid teenuseid. Veebilahendused, \u00e4rianal\u00fc\u00fcs ja andmeteadus. V\u00f5ta meiega \u00fchendust!","breadcrumb":{"@id":"https:\/\/codegift.ee\/teenused\/#breadcrumb"},"inLanguage":"en-GB","potentialAction":[{"@type":"ReadAction","target":["https:\/\/codegift.ee\/teenused\/"]}]},{"@type":"BreadcrumbList","@id":"https:\/\/codegift.ee\/teenused\/#breadcrumb","itemListElement":[{"@type":"ListItem","position":1,"name":"Home","item":"https:\/\/codegift.ee\/"},{"@type":"ListItem","position":2,"name":"Teenused"}]},{"@type":"WebSite","@id":"https:\/\/codegift.ee\/#website","url":"https:\/\/codegift.ee\/","name":"Code Gift","description":"","potentialAction":[{"@type":"SearchAction","target":{"@type":"EntryPoint","urlTemplate":"https:\/\/codegift.ee\/?s={search_term_string}"},"query-input":{"@type":"PropertyValueSpecification","valueRequired":true,"valueName":"search_term_string"}}],"inLanguage":"en-GB"}]}},"_links":{"self":[{"href":"https:\/\/codegift.ee\/en\/wp-json\/wp\/v2\/pages\/596","targetHints":{"allow":["GET"]}}],"collection":[{"href":"https:\/\/codegift.ee\/en\/wp-json\/wp\/v2\/pages"}],"about":[{"href":"https:\/\/codegift.ee\/en\/wp-json\/wp\/v2\/types\/page"}],"author":[{"embeddable":true,"href":"https:\/\/codegift.ee\/en\/wp-json\/wp\/v2\/users\/1"}],"replies":[{"embeddable":true,"href":"https:\/\/codegift.ee\/en\/wp-json\/wp\/v2\/comments?post=596"}],"version-history":[{"count":24,"href":"https:\/\/codegift.ee\/en\/wp-json\/wp\/v2\/pages\/596\/revisions"}],"predecessor-version":[{"id":7552,"href":"https:\/\/codegift.ee\/en\/wp-json\/wp\/v2\/pages\/596\/revisions\/7552"}],"wp:attachment":[{"href":"https:\/\/codegift.ee\/en\/wp-json\/wp\/v2\/media?parent=596"}],"curies":[{"name":"wp","href":"https:\/\/api.w.org\/{rel}","templated":true}]}}