{"id":2092,"date":"2014-03-31T03:53:02","date_gmt":"2014-03-31T03:53:02","guid":{"rendered":"http:\/\/themenectar.com\/demo\/salient-frostwave\/?page_id=2092"},"modified":"2021-12-08T13:50:58","modified_gmt":"2021-12-08T10:50:58","slug":"kontakt","status":"publish","type":"page","link":"https:\/\/codegift.ee\/en\/kontakt\/","title":{"rendered":"Contact"},"content":{"rendered":"\r\n\t\t<div id=\"fws_69ff28cead4cd\"  data-column-margin=\"default\" data-midnight=\"dark\"  class=\"wpb_row vc_row-fluid vc_row full-width-section  \"  style=\"padding-top: 70px; padding-bottom: 60px; \"><div class=\"row-bg-wrap\" data-bg-animation=\"none\" data-bg-overlay=\"false\"><div class=\"inner-wrap\"><div class=\"row-bg using-bg-color\"  style=\"background-color: #f7f7f7; \"><\/div><\/div><\/div><div class=\"row_col_wrap_12 col span_12 dark left\">\n\t<div  class=\"vc_col-sm-4 wpb_column column_container vc_column_container col no-extra-padding inherit_tablet inherit_phone \"  data-padding-pos=\"all\" data-has-bg-color=\"false\" data-bg-color=\"\" data-bg-opacity=\"1\" data-animation=\"\" data-delay=\"0\" >\n\t\t<div class=\"vc_column-inner\" >\n\t\t\t<div class=\"wpb_wrapper\">\n\t\t\t\t<div class=\"img-with-aniamtion-wrap \" data-max-width=\"100%\" data-max-width-mobile=\"default\" data-shadow=\"none\" data-animation=\"fade-in\" >\r\n      <div class=\"inner\">\r\n        <div class=\"hover-wrap\"> \r\n          <div class=\"hover-wrap-inner\">\r\n            <img loading=\"lazy\" decoding=\"async\" class=\"img-with-animation skip-lazy \" data-delay=\"0\" height=\"553\" width=\"2667\" data-animation=\"fade-in\" src=\"https:\/\/codegift.ee\/wp-content\/uploads\/2021\/07\/code_gift_ou_logo-e1627383942490.png\" alt=\"code_gift_o\u00fc_logo\" srcset=\"https:\/\/codegift.ee\/wp-content\/uploads\/2021\/07\/code_gift_ou_logo-e1627383942490.png 2667w, https:\/\/codegift.ee\/wp-content\/uploads\/2021\/07\/code_gift_ou_logo-e1627383942490-300x62.png 300w, https:\/\/codegift.ee\/wp-content\/uploads\/2021\/07\/code_gift_ou_logo-e1627383942490-1024x212.png 1024w, https:\/\/codegift.ee\/wp-content\/uploads\/2021\/07\/code_gift_ou_logo-e1627383942490-768x159.png 768w, https:\/\/codegift.ee\/wp-content\/uploads\/2021\/07\/code_gift_ou_logo-e1627383942490-1536x318.png 1536w, https:\/\/codegift.ee\/wp-content\/uploads\/2021\/07\/code_gift_ou_logo-e1627383942490-2048x425.png 2048w, https:\/\/codegift.ee\/wp-content\/uploads\/2021\/07\/code_gift_ou_logo-e1627383942490-18x4.png 18w\" sizes=\"auto, (min-width: 1450px) 75vw, (min-width: 1000px) 85vw, 100vw\" \/>\r\n          <\/div>\r\n        <\/div>\r\n      <\/div>\r\n    <\/div>\r\n<div class=\"wpb_text_column wpb_content_element \" >\r\n\t<div class=\"wpb_wrapper\">\r\n\t\t<h2 style=\"text-align: center;\">Code Gift O\u00dc<\/h2>\n<p style=\"text-align: center;\">E-mail: &#105;&#110;&#x66;o&#64;&#x63;&#x6f;d&#101;&#x67;&#x69;f&#116;&#x2e;&#x65;e<\/p>\n<p style=\"text-align: center;\">Telefon: +372 53333456<\/p>\n\t<\/div>\r\n<\/div>\r\n\r\n\r\n\r\n<div id=\"fws_69ff28ceadf31\" data-midnight=\"\" data-column-margin=\"default\" class=\"wpb_row vc_row-fluid vc_row inner_row  \"  style=\"\"><div class=\"row-bg-wrap\"> <div class=\"row-bg\" ><\/div> <\/div><div class=\"row_col_wrap_12_inner col span_12  left\">\n\t<div  class=\"vc_col-sm-12 wpb_column column_container vc_column_container col child_column centered-text no-extra-padding inherit_tablet inherit_phone \"   data-padding-pos=\"all\" data-has-bg-color=\"false\" data-bg-color=\"\" data-bg-opacity=\"1\" data-animation=\"\" data-delay=\"0\">\n\t\t<div class=\"vc_column-inner\" >\n\t\t<div class=\"wpb_wrapper\">\n\t\t\t<div class=\"nectar_icon_wrap\" data-style=\"default\" data-padding=\"20px\" data-color=\"accent-color\" style=\"margin-left: 35px;\" >\r\n\t\t<div class=\"nectar_icon\" ><a href=\"https:\/\/www.facebook.com\/codegift.ee\" target=\"_blank\"><\/a><i style=\"font-size: 50px; line-height: 50px; height: 50px; width: 50px;\" class=\"fa fa-facebook-square\"><\/i><\/div>\r\n\t<\/div><div class=\"nectar_icon_wrap\" data-style=\"default\" data-padding=\"20px\" data-color=\"accent-color\" style=\"\" >\r\n\t\t<div class=\"nectar_icon\" ><a href=\"https:\/\/www.facebook.com\/codegift.ee\" target=\"_blank\"><\/a><i style=\"font-size: 50px; line-height: 50px; height: 50px; width: 50px;\" class=\"\"><\/i><\/div>\r\n\t<\/div>\n\t\t<\/div> \n\t<\/div>\n\t<\/div> \n<\/div><\/div>\n\t\t\t<\/div> \n\t\t<\/div>\n\t<\/div> \n\n\t<div  class=\"vc_col-sm-6 wpb_column column_container vc_column_container col no-extra-padding inherit_tablet inherit_phone \"  data-padding-pos=\"all\" data-has-bg-color=\"false\" data-bg-color=\"\" data-bg-opacity=\"1\" data-animation=\"\" data-delay=\"0\" >\n\t\t<div class=\"vc_column-inner\" >\n\t\t\t<div class=\"wpb_wrapper\">\n\t\t\t\t<div id=\"fws_69ff28ceae561\" data-midnight=\"\" data-column-margin=\"default\" class=\"wpb_row vc_row-fluid vc_row inner_row  \"  style=\"\"><div class=\"row-bg-wrap\"> <div class=\"row-bg\" ><\/div> <\/div><div class=\"row_col_wrap_12_inner col span_12  left\">\n\t<div  class=\"vc_col-sm-12 wpb_column column_container vc_column_container col child_column no-extra-padding inherit_tablet inherit_phone \"   data-padding-pos=\"all\" data-has-bg-color=\"false\" data-bg-color=\"\" data-bg-opacity=\"1\" data-animation=\"\" data-delay=\"0\">\n\t\t<div class=\"vc_column-inner\" >\n\t\t<div class=\"wpb_wrapper\">\n\t\t\t<div class=\"iwithtext\"><div class=\"iwt-icon\"> <i class=\"icon-default-style fa fa-envelope-o accent-color\"><\/i> <\/div><div class=\"iwt-text\"> \n<h3>Kirjuta meile<\/h3>\n <\/div><div class=\"clear\"><\/div><\/div>\n\t\t<\/div> \n\t<\/div>\n\t<\/div> \n<\/div><\/div>\n<div class=\"wpcf7 no-js\" id=\"wpcf7-f6680-o1\" lang=\"et\" dir=\"ltr\" data-wpcf7-id=\"6680\">\n<div class=\"screen-reader-response\"><p role=\"status\" aria-live=\"polite\" aria-atomic=\"true\"><\/p> <ul><\/ul><\/div>\n<form action=\"\/en\/wp-json\/wp\/v2\/pages\/2092#wpcf7-f6680-o1\" method=\"post\" class=\"wpcf7-form init\" aria-label=\"Contact form\" novalidate=\"novalidate\" data-status=\"init\">\n<fieldset class=\"hidden-fields-container\"><input type=\"hidden\" name=\"_wpcf7\" value=\"6680\" \/><input type=\"hidden\" name=\"_wpcf7_version\" value=\"6.1.5\" \/><input type=\"hidden\" name=\"_wpcf7_locale\" value=\"et\" \/><input type=\"hidden\" name=\"_wpcf7_unit_tag\" value=\"wpcf7-f6680-o1\" \/><input type=\"hidden\" name=\"_wpcf7_container_post\" value=\"0\" \/><input type=\"hidden\" name=\"_wpcf7_posted_data_hash\" value=\"\" \/>\n<\/fieldset>\n<p><label> Nimi<br \/>\n<span class=\"wpcf7-form-control-wrap\" data-name=\"your-name\"><input size=\"40\" maxlength=\"400\" class=\"wpcf7-form-control wpcf7-text wpcf7-validates-as-required\" aria-required=\"true\" aria-invalid=\"false\" value=\"\" type=\"text\" name=\"your-name\" \/><\/span> <\/label>\n<\/p>\n<p><label> E-mail<br \/>\n<span class=\"wpcf7-form-control-wrap\" data-name=\"your-email\"><input size=\"40\" maxlength=\"400\" class=\"wpcf7-form-control wpcf7-email wpcf7-validates-as-required wpcf7-text wpcf7-validates-as-email\" aria-required=\"true\" aria-invalid=\"false\" value=\"\" type=\"email\" name=\"your-email\" \/><\/span> <\/label>\n<\/p>\n<p><label> Teema<br \/>\n<span class=\"wpcf7-form-control-wrap\" data-name=\"your-subject\"><input size=\"40\" maxlength=\"400\" class=\"wpcf7-form-control wpcf7-text wpcf7-validates-as-required\" aria-required=\"true\" aria-invalid=\"false\" value=\"\" type=\"text\" name=\"your-subject\" \/><\/span> <\/label>\n<\/p>\n<p><label> S\u00f5num<br \/>\n<span class=\"wpcf7-form-control-wrap\" data-name=\"your-message\"><textarea cols=\"5\" rows=\"3\" maxlength=\"2000\" class=\"wpcf7-form-control wpcf7-textarea\" aria-invalid=\"false\" name=\"your-message\"><\/textarea><\/span> <\/label>\n<\/p>\n<p>Sisesta kood:<input type=\"hidden\" name=\"_wpcf7_captcha_challenge_captcha-118\" value=\"3652055776\" \/><img loading=\"lazy\" decoding=\"async\" class=\"wpcf7-form-control wpcf7-captchac wpcf7-captcha-captcha-118\" width=\"84\" height=\"28\" alt=\"captcha\" src=\"https:\/\/codegift.ee\/wp-content\/uploads\/wpcf7_captcha\/3652055776.png\" \/><span class=\"wpcf7-form-control-wrap\" data-name=\"captcha-118\"><input size=\"4\" maxlength=\"4\" class=\"wpcf7-form-control wpcf7-captchar\" autocomplete=\"off\" aria-invalid=\"false\" value=\"\" type=\"text\" name=\"captcha-118\" \/><\/span>\n<\/p>\n<p><input class=\"wpcf7-form-control wpcf7-submit has-spinner\" type=\"submit\" value=\"Saada\" \/>\n<\/p><p style=\"display: none !important;\" class=\"akismet-fields-container\" data-prefix=\"_wpcf7_ak_\"><label>&#916;<textarea name=\"_wpcf7_ak_hp_textarea\" cols=\"45\" rows=\"8\" maxlength=\"100\"><\/textarea><\/label><input type=\"hidden\" id=\"ak_js_1\" name=\"_wpcf7_ak_js\" value=\"17\"\/><script type=\"text\/javascript\">\n\/* <![CDATA[ *\/\ndocument.getElementById( \"ak_js_1\" ).setAttribute( \"value\", ( new Date() ).getTime() );\n\/* ]]> *\/\n<\/script>\n<\/p><div class=\"wpcf7-response-output\" aria-hidden=\"true\"><\/div>\n<\/form>\n<\/div>\n\n\t\t\t<\/div> \n\t\t<\/div>\n\t<\/div> \n<\/div><\/div>\n","protected":false},"excerpt":{"rendered":"Code Gift O\u00dc E-mail: inf&#111;&#64;&#99;&#111;&#x64;&#x65;&#x67;&#x69;&#x66;&#x74;&#x2e;ee Telefon: +372 53333456 Kirjuta meile Nimi E-mail Teema S\u00f5num Sisesta kood: &#916;","protected":false},"author":1,"featured_media":0,"parent":0,"menu_order":12,"comment_status":"closed","ping_status":"closed","template":"","meta":{"footnotes":""},"class_list":["post-2092","page","type-page","status-publish"],"yoast_head":"<!-- This site is optimized with the Yoast SEO plugin v27.5 - https:\/\/yoast.com\/product\/yoast-seo-wordpress\/ -->\n<title>Kontakt &#8211; Code Gift<\/title>\n<meta name=\"description\" content=\"Code Gift - erinevad IT-alased teenused \u00fchest kohast. Veebilahendused, \u00e4rianal\u00fc\u00fcs ja andmeteadus. V\u00f5ta meiega \u00fchendust!\" \/>\n<meta name=\"robots\" content=\"index, follow, max-snippet:-1, max-image-preview:large, max-video-preview:-1\" \/>\n<link rel=\"canonical\" href=\"https:\/\/codegift.ee\/en\/kontakt\/\" \/>\n<meta property=\"og:locale\" content=\"en_GB\" \/>\n<meta property=\"og:type\" content=\"article\" \/>\n<meta property=\"og:title\" content=\"Kontakt &#8211; Code Gift\" \/>\n<meta property=\"og:description\" content=\"Code Gift - erinevad IT-alased teenused \u00fchest kohast. Veebilahendused, \u00e4rianal\u00fc\u00fcs ja andmeteadus. V\u00f5ta meiega \u00fchendust!\" \/>\n<meta property=\"og:url\" content=\"https:\/\/codegift.ee\/en\/kontakt\/\" \/>\n<meta property=\"og:site_name\" content=\"Code Gift\" \/>\n<meta property=\"article:publisher\" content=\"https:\/\/www.facebook.com\/codegift.ee\" \/>\n<meta property=\"article:modified_time\" content=\"2021-12-08T10:50:58+00:00\" \/>\n<meta name=\"twitter:card\" content=\"summary_large_image\" \/>\n<meta name=\"twitter:label1\" content=\"Estimated reading time\" \/>\n\t<meta name=\"twitter:data1\" content=\"1 minute\" \/>\n<script type=\"application\/ld+json\" class=\"yoast-schema-graph\">{\"@context\":\"https:\\\/\\\/schema.org\",\"@graph\":[{\"@type\":\"WebPage\",\"@id\":\"https:\\\/\\\/codegift.ee\\\/kontakt\\\/\",\"url\":\"https:\\\/\\\/codegift.ee\\\/kontakt\\\/\",\"name\":\"Kontakt &#8211; Code Gift\",\"isPartOf\":{\"@id\":\"https:\\\/\\\/codegift.ee\\\/#website\"},\"datePublished\":\"2014-03-31T03:53:02+00:00\",\"dateModified\":\"2021-12-08T10:50:58+00:00\",\"description\":\"Code Gift - erinevad IT-alased teenused \u00fchest kohast. Veebilahendused, \u00e4rianal\u00fc\u00fcs ja andmeteadus. V\u00f5ta meiega \u00fchendust!\",\"breadcrumb\":{\"@id\":\"https:\\\/\\\/codegift.ee\\\/kontakt\\\/#breadcrumb\"},\"inLanguage\":\"en-GB\",\"potentialAction\":[{\"@type\":\"ReadAction\",\"target\":[\"https:\\\/\\\/codegift.ee\\\/kontakt\\\/\"]}]},{\"@type\":\"BreadcrumbList\",\"@id\":\"https:\\\/\\\/codegift.ee\\\/kontakt\\\/#breadcrumb\",\"itemListElement\":[{\"@type\":\"ListItem\",\"position\":1,\"name\":\"Home\",\"item\":\"https:\\\/\\\/codegift.ee\\\/\"},{\"@type\":\"ListItem\",\"position\":2,\"name\":\"Kontakt\"}]},{\"@type\":\"WebSite\",\"@id\":\"https:\\\/\\\/codegift.ee\\\/#website\",\"url\":\"https:\\\/\\\/codegift.ee\\\/\",\"name\":\"Code Gift\",\"description\":\"\",\"potentialAction\":[{\"@type\":\"SearchAction\",\"target\":{\"@type\":\"EntryPoint\",\"urlTemplate\":\"https:\\\/\\\/codegift.ee\\\/?s={search_term_string}\"},\"query-input\":{\"@type\":\"PropertyValueSpecification\",\"valueRequired\":true,\"valueName\":\"search_term_string\"}}],\"inLanguage\":\"en-GB\"}]}<\/script>\n<!-- \/ Yoast SEO plugin. -->","yoast_head_json":{"title":"Kontakt &#8211; Code Gift","description":"Code Gift - erinevad IT-alased teenused \u00fchest kohast. Veebilahendused, \u00e4rianal\u00fc\u00fcs ja andmeteadus. V\u00f5ta meiega \u00fchendust!","robots":{"index":"index","follow":"follow","max-snippet":"max-snippet:-1","max-image-preview":"max-image-preview:large","max-video-preview":"max-video-preview:-1"},"canonical":"https:\/\/codegift.ee\/en\/kontakt\/","og_locale":"en_GB","og_type":"article","og_title":"Kontakt &#8211; Code Gift","og_description":"Code Gift - erinevad IT-alased teenused \u00fchest kohast. Veebilahendused, \u00e4rianal\u00fc\u00fcs ja andmeteadus. V\u00f5ta meiega \u00fchendust!","og_url":"https:\/\/codegift.ee\/en\/kontakt\/","og_site_name":"Code Gift","article_publisher":"https:\/\/www.facebook.com\/codegift.ee","article_modified_time":"2021-12-08T10:50:58+00:00","twitter_card":"summary_large_image","twitter_misc":{"Estimated reading time":"1 minute"},"schema":{"@context":"https:\/\/schema.org","@graph":[{"@type":"WebPage","@id":"https:\/\/codegift.ee\/kontakt\/","url":"https:\/\/codegift.ee\/kontakt\/","name":"Kontakt &#8211; Code Gift","isPartOf":{"@id":"https:\/\/codegift.ee\/#website"},"datePublished":"2014-03-31T03:53:02+00:00","dateModified":"2021-12-08T10:50:58+00:00","description":"Code Gift - erinevad IT-alased teenused \u00fchest kohast. Veebilahendused, \u00e4rianal\u00fc\u00fcs ja andmeteadus. V\u00f5ta meiega \u00fchendust!","breadcrumb":{"@id":"https:\/\/codegift.ee\/kontakt\/#breadcrumb"},"inLanguage":"en-GB","potentialAction":[{"@type":"ReadAction","target":["https:\/\/codegift.ee\/kontakt\/"]}]},{"@type":"BreadcrumbList","@id":"https:\/\/codegift.ee\/kontakt\/#breadcrumb","itemListElement":[{"@type":"ListItem","position":1,"name":"Home","item":"https:\/\/codegift.ee\/"},{"@type":"ListItem","position":2,"name":"Kontakt"}]},{"@type":"WebSite","@id":"https:\/\/codegift.ee\/#website","url":"https:\/\/codegift.ee\/","name":"Code Gift","description":"","potentialAction":[{"@type":"SearchAction","target":{"@type":"EntryPoint","urlTemplate":"https:\/\/codegift.ee\/?s={search_term_string}"},"query-input":{"@type":"PropertyValueSpecification","valueRequired":true,"valueName":"search_term_string"}}],"inLanguage":"en-GB"}]}},"_links":{"self":[{"href":"https:\/\/codegift.ee\/en\/wp-json\/wp\/v2\/pages\/2092","targetHints":{"allow":["GET"]}}],"collection":[{"href":"https:\/\/codegift.ee\/en\/wp-json\/wp\/v2\/pages"}],"about":[{"href":"https:\/\/codegift.ee\/en\/wp-json\/wp\/v2\/types\/page"}],"author":[{"embeddable":true,"href":"https:\/\/codegift.ee\/en\/wp-json\/wp\/v2\/users\/1"}],"replies":[{"embeddable":true,"href":"https:\/\/codegift.ee\/en\/wp-json\/wp\/v2\/comments?post=2092"}],"version-history":[{"count":29,"href":"https:\/\/codegift.ee\/en\/wp-json\/wp\/v2\/pages\/2092\/revisions"}],"predecessor-version":[{"id":7406,"href":"https:\/\/codegift.ee\/en\/wp-json\/wp\/v2\/pages\/2092\/revisions\/7406"}],"wp:attachment":[{"href":"https:\/\/codegift.ee\/en\/wp-json\/wp\/v2\/media?parent=2092"}],"curies":[{"name":"wp","href":"https:\/\/api.w.org\/{rel}","templated":true}]}}